{"id":2670,"date":"2011-06-27T19:03:16","date_gmt":"2011-06-27T17:03:16","guid":{"rendered":"http:\/\/www.bhagavadgita.eu\/?page_id=2670"},"modified":"2012-11-24T12:25:34","modified_gmt":"2012-11-24T11:25:34","slug":"manuskrypt-2","status":"publish","type":"page","link":"https:\/\/www.blog.bhagavadgita.eu\/?page_id=2670","title":{"rendered":"Manuskrypt 2"},"content":{"rendered":"<p><a href=\"http:\/\/www.bhagavadgita.eu\/wp-content\/uploads\/2011\/06\/Ja-i-Dinesh.jpg\"><img loading=\"lazy\" decoding=\"async\" class=\"alignright size-medium wp-image-3335 colorbox-2670\" title=\"D.K. Sharma i M.K. Byrski\" src=\"http:\/\/www.bhagavadgita.eu\/wp-content\/uploads\/2011\/06\/Ja-i-DineshB1-300x208.jpg\" alt=\"D.K. Sharma i M.K. Byrski\" width=\"300\" height=\"208\" \/><\/a><br \/>\nManuskrypt zosta\u0142 podarowany profesorowi Maria Krzysztofowi Byrskiemu (profesor tytularny w dziedzinie filologii orientalnej, Ambasador Polski w Indiach w latach 1993-96, obecnie wyk\u0142adowca UW Wydzia\u0142u Orientalistyki) przez pana Dinesh Kumar Sharm\u0119 (cz\u0142owiek o wielkiej wiedzy w dziedzinie literatury hindi; mia\u0142 olbrzymi\u0105 bibliotek\u0119; bardzo cz\u0119sto obdarza\u0142 przyjaci\u00f3\u0142 cennymi ksi\u0105\u017ckami i manuskryptami). Obecnie znajduje si\u0119 w zbiorach prywatnych Andrzeja Babkiewicza.<\/p>\n<p>Manuskrypt pisany na papierze o wymiarach 17,5cm szeroko\u015bci i 10cm wysoko\u015bci, z podw\u00f3jn\u0105 z\u0142ot\u0105 ramk\u0105, niekompletny. Nie zawiera ani strony tytu\u0142owej ani kolofon\u00f3w, z kt\u00f3rych mo\u017cna by si\u0119 zorientowa\u0107, co do daty i miejsca powstania. Rozpoczyna si\u0119 od werset\u00f3w przeznaczonych do rozmy\u015blania o tre\u015bci dzie\u0142a (<em>dhy\u0101nam<\/em>).\u00a0 Manuskrypt zawiera 36 numerowanych kartek, na zachowanych fragmentach znajduj\u0105 si\u0119 nast\u0119puj\u0105ce wersety:<br \/>\n\u2013 BhG 1.1 \u2013 1.43;<br \/>\n\u2013 BhG 2.17 \u2013 2.27;<br \/>\n\u2013 BhG 10.8 \u2013 10.12;<br \/>\n\u2013 BhG 13.27 \u2013 17.27;<br \/>\n\u2013 BhG 18.21 \u2013 18.37.<\/p>\n","protected":false},"excerpt":{"rendered":"<p>Manuskrypt zosta\u0142 podarowany profesorowi Maria Krzysztofowi Byrskiemu (profesor tytularny w dziedzinie filologii orientalnej, Ambasador Polski w Indiach w latach 1993-96, obecnie wyk\u0142adowca UW Wydzia\u0142u Orientalistyki) przez pana Dinesh Kumar Sharm\u0119 (cz\u0142owiek o wielkiej wiedzy w dziedzinie literatury hindi; mia\u0142 olbrzymi\u0105 bibliotek\u0119; bardzo cz\u0119sto obdarza\u0142 przyjaci\u00f3\u0142 cennymi ksi\u0105\u017ckami i manuskryptami). Obecnie znajduje si\u0119 w zbiorach prywatnych [&hellip;]<\/p>\n","protected":false},"author":1,"featured_media":0,"parent":2668,"menu_order":2,"comment_status":"closed","ping_status":"closed","template":"","meta":{"footnotes":""},"class_list":["post-2670","page","type-page","status-publish","hentry"],"_links":{"self":[{"href":"https:\/\/www.blog.bhagavadgita.eu\/index.php?rest_route=\/wp\/v2\/pages\/2670","targetHints":{"allow":["GET"]}}],"collection":[{"href":"https:\/\/www.blog.bhagavadgita.eu\/index.php?rest_route=\/wp\/v2\/pages"}],"about":[{"href":"https:\/\/www.blog.bhagavadgita.eu\/index.php?rest_route=\/wp\/v2\/types\/page"}],"author":[{"embeddable":true,"href":"https:\/\/www.blog.bhagavadgita.eu\/index.php?rest_route=\/wp\/v2\/users\/1"}],"replies":[{"embeddable":true,"href":"https:\/\/www.blog.bhagavadgita.eu\/index.php?rest_route=%2Fwp%2Fv2%2Fcomments&post=2670"}],"version-history":[{"count":11,"href":"https:\/\/www.blog.bhagavadgita.eu\/index.php?rest_route=\/wp\/v2\/pages\/2670\/revisions"}],"predecessor-version":[{"id":8198,"href":"https:\/\/www.blog.bhagavadgita.eu\/index.php?rest_route=\/wp\/v2\/pages\/2670\/revisions\/8198"}],"up":[{"embeddable":true,"href":"https:\/\/www.blog.bhagavadgita.eu\/index.php?rest_route=\/wp\/v2\/pages\/2668"}],"wp:attachment":[{"href":"https:\/\/www.blog.bhagavadgita.eu\/index.php?rest_route=%2Fwp%2Fv2%2Fmedia&parent=2670"}],"curies":[{"name":"wp","href":"https:\/\/api.w.org\/{rel}","templated":true}]}}