{"id":3866,"date":"2011-07-22T16:21:25","date_gmt":"2011-07-22T14:21:25","guid":{"rendered":"http:\/\/www.bhagavadgita.eu\/?page_id=3866"},"modified":"2011-07-23T17:38:46","modified_gmt":"2011-07-23T15:38:46","slug":"bhg-czesc-4","status":"publish","type":"page","link":"https:\/\/www.blog.bhagavadgita.eu\/?page_id=3866","title":{"rendered":"BhG cz\u0119\u015b\u0107 4"},"content":{"rendered":"<p><iframe src =\"https:\/\/www.bhagavadgita.eu\/manuskrypt2\/4_BhG.php\" width=\"100%\" height=\"800\"><\/p>\n<p>Your browser does not support iframes.<\/p>\n<p><\/iframe><\/p>\n","protected":false},"excerpt":{"rendered":"<p>Your browser does not support iframes.<\/p>\n","protected":false},"author":2,"featured_media":0,"parent":2670,"menu_order":4,"comment_status":"closed","ping_status":"closed","template":"","meta":{"footnotes":""},"class_list":["post-3866","page","type-page","status-publish","hentry"],"_links":{"self":[{"href":"https:\/\/www.blog.bhagavadgita.eu\/index.php?rest_route=\/wp\/v2\/pages\/3866","targetHints":{"allow":["GET"]}}],"collection":[{"href":"https:\/\/www.blog.bhagavadgita.eu\/index.php?rest_route=\/wp\/v2\/pages"}],"about":[{"href":"https:\/\/www.blog.bhagavadgita.eu\/index.php?rest_route=\/wp\/v2\/types\/page"}],"author":[{"embeddable":true,"href":"https:\/\/www.blog.bhagavadgita.eu\/index.php?rest_route=\/wp\/v2\/users\/2"}],"replies":[{"embeddable":true,"href":"https:\/\/www.blog.bhagavadgita.eu\/index.php?rest_route=%2Fwp%2Fv2%2Fcomments&post=3866"}],"version-history":[{"count":3,"href":"https:\/\/www.blog.bhagavadgita.eu\/index.php?rest_route=\/wp\/v2\/pages\/3866\/revisions"}],"predecessor-version":[{"id":3894,"href":"https:\/\/www.blog.bhagavadgita.eu\/index.php?rest_route=\/wp\/v2\/pages\/3866\/revisions\/3894"}],"up":[{"embeddable":true,"href":"https:\/\/www.blog.bhagavadgita.eu\/index.php?rest_route=\/wp\/v2\/pages\/2670"}],"wp:attachment":[{"href":"https:\/\/www.blog.bhagavadgita.eu\/index.php?rest_route=%2Fwp%2Fv2%2Fmedia&parent=3866"}],"curies":[{"name":"wp","href":"https:\/\/api.w.org\/{rel}","templated":true}]}}