{"id":7876,"date":"2012-11-24T13:08:37","date_gmt":"2012-11-24T12:08:37","guid":{"rendered":"http:\/\/www.bhagavadgita.eu\/?page_id=7876"},"modified":"2012-11-24T16:54:01","modified_gmt":"2012-11-24T15:54:01","slug":"autorzy-komentarzy","status":"publish","type":"page","link":"https:\/\/www.blog.bhagavadgita.eu\/?page_id=7876","title":{"rendered":"Autorzy komentarzy"},"content":{"rendered":"<p>&nbsp;<\/p>\n<p><div class=\"wts_title\"><div class=\"wts_title_left\"><a id=\"kara\" href=\"javascript:void(null);\" title=\"Click to open!\" class=\"jtoggle\" onclick=\"wtsslide('#hideslide0p7876',500);\">\u015a\u0101\u1e43kara<\/a><\/div><\/div><div class=\"wts_slidewrapper sliderwrapper0\" id=\"hideslide0p7876\"><\/p>\n<p>w przygotowaniu<\/p>\n<p><\/div><\/p>\n<p><div class=\"wts_title\"><div class=\"wts_title_left\"><a id=\"rmnuja\" href=\"javascript:void(null);\" title=\"Click to open!\" class=\"jtoggle\" onclick=\"wtsslide('#hideslide1p7876',500);\">R\u0101m\u0101nuja<\/a><\/div><\/div><div class=\"wts_slidewrapper sliderwrapper1\" id=\"hideslide1p7876\"><\/p>\n<p>w przygotowaniu<\/p>\n<p><\/div><\/p>\n<p><div class=\"wts_title\"><div class=\"wts_title_left\"><a id=\"madhva\" href=\"javascript:void(null);\" title=\"Click to open!\" class=\"jtoggle\" onclick=\"wtsslide('#hideslide2p7876',500);\">Madhva<\/a><\/div><\/div><div class=\"wts_slidewrapper sliderwrapper2\" id=\"hideslide2p7876\"><\/p>\n<p>w przygotowaniu<\/p>\n<p><\/div><\/p>\n<p><div class=\"wts_title\"><div class=\"wts_title_left\"><a id=\"rdhara\" href=\"javascript:void(null);\" title=\"Click to open!\" class=\"jtoggle\" onclick=\"wtsslide('#hideslide3p7876',500);\">\u015ar\u012bdhara<\/a><\/div><\/div><div class=\"wts_slidewrapper sliderwrapper3\" id=\"hideslide3p7876\"><\/p>\n<p>w przygotowaniu<\/p>\n<p><\/div><\/p>\n<p><div class=\"wts_title\"><div class=\"wts_title_left\"><a id=\"vivantha\" href=\"javascript:void(null);\" title=\"Click to open!\" class=\"jtoggle\" onclick=\"wtsslide('#hideslide4p7876',500);\">Vi\u015bvan\u0101tha<\/a><\/div><\/div><div class=\"wts_slidewrapper sliderwrapper4\" id=\"hideslide4p7876\"><\/p>\n<p>w przygotowaniu<\/p>\n<p><\/div><\/p>\n<p><div class=\"wts_title\"><div class=\"wts_title_left\"><a id=\"baladeva\" href=\"javascript:void(null);\" title=\"Click to open!\" class=\"jtoggle\" onclick=\"wtsslide('#hideslide5p7876',500);\">Baladeva<\/a><\/div><\/div><div class=\"wts_slidewrapper sliderwrapper5\" id=\"hideslide5p7876\"><\/p>\n<p>w przygotowaniu<\/p>\n<p><\/div><\/p>\n","protected":false},"excerpt":{"rendered":"<p>&nbsp; \u015a\u0101\u1e43kara w przygotowaniu R\u0101m\u0101nuja w przygotowaniu Madhva w przygotowaniu \u015ar\u012bdhara w przygotowaniu Vi\u015bvan\u0101tha w przygotowaniu Baladeva w przygotowaniu<\/p>\n","protected":false},"author":2,"featured_media":0,"parent":228,"menu_order":2,"comment_status":"closed","ping_status":"closed","template":"","meta":{"footnotes":""},"class_list":["post-7876","page","type-page","status-publish","hentry"],"_links":{"self":[{"href":"https:\/\/www.blog.bhagavadgita.eu\/index.php?rest_route=\/wp\/v2\/pages\/7876","targetHints":{"allow":["GET"]}}],"collection":[{"href":"https:\/\/www.blog.bhagavadgita.eu\/index.php?rest_route=\/wp\/v2\/pages"}],"about":[{"href":"https:\/\/www.blog.bhagavadgita.eu\/index.php?rest_route=\/wp\/v2\/types\/page"}],"author":[{"embeddable":true,"href":"https:\/\/www.blog.bhagavadgita.eu\/index.php?rest_route=\/wp\/v2\/users\/2"}],"replies":[{"embeddable":true,"href":"https:\/\/www.blog.bhagavadgita.eu\/index.php?rest_route=%2Fwp%2Fv2%2Fcomments&post=7876"}],"version-history":[{"count":2,"href":"https:\/\/www.blog.bhagavadgita.eu\/index.php?rest_route=\/wp\/v2\/pages\/7876\/revisions"}],"predecessor-version":[{"id":7899,"href":"https:\/\/www.blog.bhagavadgita.eu\/index.php?rest_route=\/wp\/v2\/pages\/7876\/revisions\/7899"}],"up":[{"embeddable":true,"href":"https:\/\/www.blog.bhagavadgita.eu\/index.php?rest_route=\/wp\/v2\/pages\/228"}],"wp:attachment":[{"href":"https:\/\/www.blog.bhagavadgita.eu\/index.php?rest_route=%2Fwp%2Fv2%2Fmedia&parent=7876"}],"curies":[{"name":"wp","href":"https:\/\/api.w.org\/{rel}","templated":true}]}}